{"id":23921,"date":"2023-09-18T12:30:55","date_gmt":"2023-09-18T12:30:55","guid":{"rendered":"https:\/\/amargroup.com\/services\/developpements\/"},"modified":"2024-01-17T03:46:34","modified_gmt":"2024-01-17T03:46:34","slug":"developpements","status":"publish","type":"page","link":"https:\/\/amargroup.com\/fr\/services\/developpements\/","title":{"rendered":"D\u00e9veloppements"},"content":{"rendered":"<h3><span class=\"solid-blue\">Strat\u00e9giquement situ\u00e9s<\/span> dans toute l&rsquo;Am\u00e9rique du Nord.<\/h3>\n<p>Avec un vaste r\u00e9seau de propri\u00e9t\u00e9s de pointe \u00e0 travers le Canada et les \u00c9tats-Unis, nous sommes en mesure de fournir des solutions rationalis\u00e9es de transport de conteneurs, d&rsquo;entreposage et de logistique tout en offrant une capacit\u00e9 comp\u00e9titive pour tous les besoins d&rsquo;entreposage.<\/p>\n<p>D\u00e9couvrez les points de service d&rsquo;Amar ci-dessous :<\/p>\n<p><img decoding=\"async\" class=\"alignnone wp-image-23009 size-full\" src=\"https:\/\/amargroup.com\/wp-content\/uploads\/\/Copy-of-Copy-of-Copy-of-Copy-of-Copy-of-Reefer-Design-15.875-x-21.166-cm-1200-x-640-px-1200-x-676-px-684-x-300-px-1.svg\" alt=\"Carte bleue de l'Am\u00e9rique du Nord avec des \u00e9pingles pour les points de service de Calgary, AB, Vancouver, BC, Toronto, ON, Montr\u00e9al, QC, Detroit, MI et New Brunswick, NJ.\" width=\"1920\" height=\"796\" \/><\/p>\n<h3>G\u00e9rer la construction de nos propri\u00e9t\u00e9s du <span class=\"solid-blue\">d\u00e9but \u00e0 la fin<\/span>.<\/h3>\n<p>Nous ne nous arr\u00eatons pas \u00e0 la phase de planification de nos projets immobiliers. Forts d&rsquo;une exp\u00e9rience de plusieurs d\u00e9cennies, nous assurons \u00e9galement les services de construction de nos terminaux de transport, de nos parcs \u00e0 conteneurs et de nos entrep\u00f4ts. Nos experts s&rsquo;impliquent totalement dans toutes les \u00e9tapes afin de s&rsquo;assurer que nos projets industriels sont ex\u00e9cut\u00e9s sans faille.<\/p>\n<p>Au cours de nos 25 ann\u00e9es et plus de travail dans le secteur de la construction, nous avons acquis des connaissances sur les meilleures pratiques et les exigences relatives aux diverses op\u00e9rations men\u00e9es sur nos sites de service (comme l&rsquo;utilisation du bon type d&rsquo;asphalte pour minimiser l&rsquo;\u00e9rosion due au poids des transstockeurs \u00e0 port\u00e9e de main). Nous maximisons \u00e9galement la capacit\u00e9 de notre parc de stockage de conteneurs, qui peut accueillir des dizaines de milliers de conteneurs \u00e0 la fois, tout en optimisant le flux de circulation, l&rsquo;\u00e9clairage, le drainage et bien d&rsquo;autres choses encore.<\/p>\n","protected":false},"excerpt":{"rendered":"<p>Strat\u00e9giquement situ\u00e9s dans toute l&rsquo;Am\u00e9rique du Nord. Avec un vaste r\u00e9seau de propri\u00e9t\u00e9s de pointe \u00e0 travers le Canada et les \u00c9tats-Unis, nous sommes en mesure de fournir des solutions rationalis\u00e9es de transport de conteneurs, d&rsquo;entreposage et de logistique tout en offrant une capacit\u00e9 comp\u00e9titive pour tous les besoins d&rsquo;entreposage. D\u00e9couvrez les points de service [&hellip;]<\/p>\n","protected":false},"author":1,"featured_media":0,"parent":23917,"menu_order":9,"comment_status":"closed","ping_status":"closed","template":"templates\/services.php","meta":{"inline_featured_image":false,"footnotes":"","_links_to":"","_links_to_target":""},"class_list":["post-23921","page","type-page","status-publish","hentry"],"acf":[],"_links":{"self":[{"href":"https:\/\/amargroup.com\/fr\/wp-json\/wp\/v2\/pages\/23921","targetHints":{"allow":["GET"]}}],"collection":[{"href":"https:\/\/amargroup.com\/fr\/wp-json\/wp\/v2\/pages"}],"about":[{"href":"https:\/\/amargroup.com\/fr\/wp-json\/wp\/v2\/types\/page"}],"author":[{"embeddable":true,"href":"https:\/\/amargroup.com\/fr\/wp-json\/wp\/v2\/users\/1"}],"replies":[{"embeddable":true,"href":"https:\/\/amargroup.com\/fr\/wp-json\/wp\/v2\/comments?post=23921"}],"version-history":[{"count":3,"href":"https:\/\/amargroup.com\/fr\/wp-json\/wp\/v2\/pages\/23921\/revisions"}],"predecessor-version":[{"id":26345,"href":"https:\/\/amargroup.com\/fr\/wp-json\/wp\/v2\/pages\/23921\/revisions\/26345"}],"up":[{"embeddable":true,"href":"https:\/\/amargroup.com\/fr\/wp-json\/wp\/v2\/pages\/23917"}],"wp:attachment":[{"href":"https:\/\/amargroup.com\/fr\/wp-json\/wp\/v2\/media?parent=23921"}],"curies":[{"name":"wp","href":"https:\/\/api.w.org\/{rel}","templated":true}]}}