{"id":23920,"date":"2023-09-18T12:30:20","date_gmt":"2023-09-18T12:30:20","guid":{"rendered":"https:\/\/amargroup.com\/services\/entreposage-crossdocking\/"},"modified":"2024-01-17T03:45:33","modified_gmt":"2024-01-17T03:45:33","slug":"entreposage-crossdocking","status":"publish","type":"page","link":"https:\/\/amargroup.com\/fr\/services\/entreposage-crossdocking\/","title":{"rendered":"Entreposage \/ Crossdocking"},"content":{"rendered":"<h3>Entreposage mobile<\/h3>\n<p><img decoding=\"async\" class=\"alignnone wp-image-20959 size-full lazyload\" data-src=\"https:\/\/amargroup.com\/wp-content\/uploads\/2023\/12\/output_image-2.jpeg\" alt=\"Vue a\u00e9rienne du parc \u00e0 conteneurs du groupe Amar rempli de conteneurs bleus Amar\" width=\"3024\" height=\"1689\" data-srcset=\"https:\/\/amargroup.com\/wp-content\/uploads\/2023\/12\/output_image-2.jpeg 3024w, https:\/\/amargroup.com\/wp-content\/uploads\/2023\/12\/output_image-2-300x168.jpeg 300w, https:\/\/amargroup.com\/wp-content\/uploads\/2023\/12\/output_image-2-1024x572.jpeg 1024w, https:\/\/amargroup.com\/wp-content\/uploads\/2023\/12\/output_image-2-768x429.jpeg 768w, https:\/\/amargroup.com\/wp-content\/uploads\/2023\/12\/output_image-2-1536x858.jpeg 1536w, https:\/\/amargroup.com\/wp-content\/uploads\/2023\/12\/output_image-2-2048x1144.jpeg 2048w\" data-sizes=\"(max-width: 3024px) 100vw, 3024px\" src=\"data:image\/svg+xml;base64,PHN2ZyB3aWR0aD0iMSIgaGVpZ2h0PSIxIiB4bWxucz0iaHR0cDovL3d3dy53My5vcmcvMjAwMC9zdmciPjwvc3ZnPg==\" style=\"--smush-placeholder-width: 3024px; --smush-placeholder-aspect-ratio: 3024\/1689;\" \/><\/p>\n<p>Nous explorons sans cesse de nouveaux moyens d&rsquo;am\u00e9liorer nos solutions logistiques pour les conteneurs. Alors que les march\u00e9s s&rsquo;orientent vers les processus de commerce \u00e9lectronique, la demande d&rsquo;entreposage continue d&rsquo;augmenter. Pour r\u00e9pondre \u00e0 ces besoins croissants, nous sommes fiers d&rsquo;offrir la flexibilit\u00e9 n\u00e9cessaire pour g\u00e9rer votre inventaire et fournir des solutions de stockage temporaire dans des conteneurs secs et \u00e0 temp\u00e9rature contr\u00f4l\u00e9e appartenant \u00e0 Amar.<\/p>\n<p><strong>Les avantages comprennent <\/strong><\/p>\n<ul>\n<li>Aucun \u00e9quipement tiers n&rsquo;est n\u00e9cessaire pour le transport de vos envois<\/li>\n<li>R\u00e9duction des temps de chargement et de d\u00e9chargement, d&rsquo;o\u00f9 des d\u00e9lais de livraison plus courts<\/li>\n<li>Plus rentable<\/li>\n<li>Options de contr\u00f4le de la temp\u00e9rature (y compris multitemp\u00e9ratures pour le stockage de diff\u00e9rents types de marchandises dans un m\u00eame espace)<\/li>\n<li>Pas d&rsquo;engagement d&rsquo;utilisation minimale<\/li>\n<\/ul>\n","protected":false},"excerpt":{"rendered":"<p>Entreposage mobile Nous explorons sans cesse de nouveaux moyens d&rsquo;am\u00e9liorer nos solutions logistiques pour les conteneurs. Alors que les march\u00e9s s&rsquo;orientent vers les processus de commerce \u00e9lectronique, la demande d&rsquo;entreposage continue d&rsquo;augmenter. Pour r\u00e9pondre \u00e0 ces besoins croissants, nous sommes fiers d&rsquo;offrir la flexibilit\u00e9 n\u00e9cessaire pour g\u00e9rer votre inventaire et fournir des solutions de stockage [&hellip;]<\/p>\n","protected":false},"author":1,"featured_media":0,"parent":23917,"menu_order":52,"comment_status":"closed","ping_status":"closed","template":"templates\/services.php","meta":{"inline_featured_image":false,"footnotes":"","_links_to":"","_links_to_target":""},"class_list":["post-23920","page","type-page","status-publish","hentry"],"acf":[],"_links":{"self":[{"href":"https:\/\/amargroup.com\/fr\/wp-json\/wp\/v2\/pages\/23920","targetHints":{"allow":["GET"]}}],"collection":[{"href":"https:\/\/amargroup.com\/fr\/wp-json\/wp\/v2\/pages"}],"about":[{"href":"https:\/\/amargroup.com\/fr\/wp-json\/wp\/v2\/types\/page"}],"author":[{"embeddable":true,"href":"https:\/\/amargroup.com\/fr\/wp-json\/wp\/v2\/users\/1"}],"replies":[{"embeddable":true,"href":"https:\/\/amargroup.com\/fr\/wp-json\/wp\/v2\/comments?post=23920"}],"version-history":[{"count":3,"href":"https:\/\/amargroup.com\/fr\/wp-json\/wp\/v2\/pages\/23920\/revisions"}],"predecessor-version":[{"id":26344,"href":"https:\/\/amargroup.com\/fr\/wp-json\/wp\/v2\/pages\/23920\/revisions\/26344"}],"up":[{"embeddable":true,"href":"https:\/\/amargroup.com\/fr\/wp-json\/wp\/v2\/pages\/23917"}],"wp:attachment":[{"href":"https:\/\/amargroup.com\/fr\/wp-json\/wp\/v2\/media?parent=23920"}],"curies":[{"name":"wp","href":"https:\/\/api.w.org\/{rel}","templated":true}]}}