{"id":23919,"date":"2023-09-18T12:28:52","date_gmt":"2023-09-18T12:28:52","guid":{"rendered":"https:\/\/amargroup.com\/services\/affretement-transport\/"},"modified":"2024-01-17T03:36:17","modified_gmt":"2024-01-17T03:36:17","slug":"affretement-transport","status":"publish","type":"page","link":"https:\/\/amargroup.com\/fr\/services\/affretement-transport\/","title":{"rendered":"Affr\u00e8tement \/ Transport"},"content":{"rendered":"<h3><span class=\"solid-blue\">Notre engagement en mati\u00e8re de s\u00e9curit\u00e9<\/span><\/h3>\n<p>Depuis son ouverture en 1998, Amar s&rsquo;est attach\u00e9 \u00e0 respecter des normes de s\u00e9curit\u00e9 exceptionnelles. La s\u00e9curit\u00e9 est au c\u0153ur de nos op\u00e9rations et nous mettons continuellement en \u0153uvre de nouvelles pratiques d&rsquo;excellence afin de garantir que votre fret arrive comme vous l&rsquo;avez pr\u00e9vu. Nos protocoles rigoureux et l&rsquo;utilisation de technologies avanc\u00e9es ont valu \u00e0 Amar la r\u00e9putation de leader en mati\u00e8re de s\u00e9curit\u00e9 des marchandises, des employ\u00e9s et du public.<\/p>\n<p><a class=\"button\" href=\"https:\/\/amargroup.com\/fr\/sante-et-securite\/\"><span>En savoir plus<\/span><\/a><\/p>\n<p><img decoding=\"async\" class=\"alignnone wp-image-18861 size-full lazyload\" data-src=\"https:\/\/amargroup.com\/wp-content\/uploads\/2023\/12\/16-Our-Commitment-to-Safety-2.png\" alt=\"Banni\u00e8re avec carte montrant le terminal d'Amar Laval, QC, camion routier sur la route, photos dashcam ext\u00e9rieures et int\u00e9rieures, personnel du parc \u00e0 conteneurs d'Amar.\" width=\"2495\" height=\"936\" data-srcset=\"https:\/\/amargroup.com\/wp-content\/uploads\/2023\/12\/16-Our-Commitment-to-Safety-2.png 2495w, https:\/\/amargroup.com\/wp-content\/uploads\/2023\/12\/16-Our-Commitment-to-Safety-2-300x113.png 300w, https:\/\/amargroup.com\/wp-content\/uploads\/2023\/12\/16-Our-Commitment-to-Safety-2-1024x384.png 1024w, https:\/\/amargroup.com\/wp-content\/uploads\/2023\/12\/16-Our-Commitment-to-Safety-2-768x288.png 768w, https:\/\/amargroup.com\/wp-content\/uploads\/2023\/12\/16-Our-Commitment-to-Safety-2-1536x576.png 1536w, https:\/\/amargroup.com\/wp-content\/uploads\/2023\/12\/16-Our-Commitment-to-Safety-2-2048x768.png 2048w\" data-sizes=\"(max-width: 2495px) 100vw, 2495px\" src=\"data:image\/svg+xml;base64,PHN2ZyB3aWR0aD0iMSIgaGVpZ2h0PSIxIiB4bWxucz0iaHR0cDovL3d3dy53My5vcmcvMjAwMC9zdmciPjwvc3ZnPg==\" style=\"--smush-placeholder-width: 2495px; --smush-placeholder-aspect-ratio: 2495\/936;\" \/><\/p>\n<h4>L&rsquo;int\u00e9gration des technologies pour am\u00e9liorer la s\u00e9curit\u00e9 routi\u00e8re<\/h4>\n<p>Nous sommes fiers d&rsquo;\u00eatre les premiers \u00e0 adapter les technologies de pointe pour am\u00e9liorer nos normes de s\u00e9curit\u00e9 routi\u00e8re. Notre approche moderne et proactive souligne notre engagement in\u00e9branlable \u00e0 assurer la s\u00e9curit\u00e9 de nos conducteurs et de ceux qui partagent la route, tout en prot\u00e9geant la qualit\u00e9 de vos marchandises en transit.<\/p>\n<ul>\n<li><strong>Int\u00e9gration GPS :<\/strong> Toutes les unit\u00e9s de la flotte, y compris les conteneurs Amar-owned, sont int\u00e9gr\u00e9es aux technologies GPS afin de contr\u00f4ler les itin\u00e9raires, d&rsquo;optimiser la navigation et d&rsquo;assurer un transport routier s\u00fbr et efficace.<\/li>\n<li><strong>Syst\u00e8mes avanc\u00e9s d&rsquo;aide \u00e0 la conduite :<\/strong> Nos camions sont \u00e9quip\u00e9s de syst\u00e8mes d&rsquo;aide \u00e0 la conduite de pointe comprenant des avertissements de collision avant, des avertissements de sortie de voie et des alertes en temps r\u00e9el pour pr\u00e9venir les accidents.<\/li>\n<li><strong>Cam\u00e9ras en cabine : <\/strong>Nos cam\u00e9ras bidirectionnelles en cabine utilisent l&rsquo;intelligence artificielle pour surveiller le comportement des conducteurs et alerter instantan\u00e9ment notre \u00e9quipe de dispatching en cas de distraction au volant, de talonnage, d&rsquo;exc\u00e8s de vitesse et d&rsquo;autres pratiques dangereuses.<\/li>\n<li><strong>Traqueurs de force G :<\/strong>Toutes les cam\u00e9ras de cabine sont \u00e9quip\u00e9es de traqueurs de force G int\u00e9gr\u00e9s qui informent rapidement notre \u00e9quipe de dispatching en cas de freinage ou de virage brusque, ce qui nous permet de traiter ces probl\u00e8mes de mani\u00e8re proactive.<\/li>\n<\/ul>\n<h4>Promouvoir une culture de la s\u00e9curit\u00e9<\/h4>\n<p>Nous reconnaissons que la technologie seule ne suffit pas \u00e0 \u00e9tablir des pratiques de s\u00e9curit\u00e9 de pointe. Au-del\u00e0 de nos int\u00e9grations technologiques, Amar adopte une approche globale de la s\u00e9curit\u00e9 routi\u00e8re avec plusieurs pratiques cl\u00e9s :<\/p>\n<ul>\n<li><strong>Formation r\u00e9guli\u00e8re et programmes de s\u00e9curit\u00e9<\/strong>: Nous organisons des programmes de formation continue pour tenir nos chauffeurs et notre personnel inform\u00e9s des protocoles les plus r\u00e9cents et des meilleures pratiques.<\/li>\n<li><strong>Entretien et inspections<\/strong>: Un entretien r\u00e9gulier des v\u00e9hicules et des proc\u00e9dures d&rsquo;inspection rigoureuses garantissent que nos camions restent dans un \u00e9tat optimal, r\u00e9duisant ainsi le risque de d\u00e9faillances m\u00e9caniques sur la route.<\/li>\n<li><strong>Syst\u00e8mes d&rsquo;intervention d&rsquo;urgence :<\/strong> Nous dotons nos conducteurs des comp\u00e9tences et des connaissances n\u00e9cessaires pour r\u00e9pondre efficacement aux situations d&rsquo;urgence. Cette formation leur permet de prendre des mesures rapides et appropri\u00e9es lorsqu&rsquo;ils sont confront\u00e9s \u00e0 des incidents ou \u00e0 des d\u00e9fis impr\u00e9vus.<\/li>\n<li><strong>Culture de la s\u00e9curit\u00e9 :<\/strong> Pour nous, la s\u00e9curit\u00e9 n&rsquo;est pas une simple liste de contr\u00f4le ; c&rsquo;est une culture profond\u00e9ment ancr\u00e9e qui impr\u00e8gne tous les aspects de notre organisation. Nous encourageons un engagement collectif en faveur de la s\u00e9curit\u00e9, en veillant \u00e0 ce que chaque membre de l&rsquo;\u00e9quipe comprenne son r\u00f4le dans le respect de nos normes rigoureuses.<\/li>\n<li><strong>Am\u00e9lioration continue<\/strong>: Nous recherchons activement le retour d&rsquo;information de nos conducteurs et de notre personnel et utilisons des donn\u00e9es pour am\u00e9liorer continuellement nos mesures de s\u00e9curit\u00e9 et nos int\u00e9grations technologiques.<\/li>\n<\/ul>\n<p><img decoding=\"async\" class=\"alignnone wp-image-18863 size-full lazyload\" data-src=\"https:\/\/amargroup.com\/wp-content\/uploads\/2023\/12\/16c-Doing-our-part-to-protect-the-environment-1.jpg\" alt=\"Vue lat\u00e9rale d'une cabine Amar et d'une remorque transportant du fret en conteneurs\" width=\"6841\" height=\"4561\" data-srcset=\"https:\/\/amargroup.com\/wp-content\/uploads\/2023\/12\/16c-Doing-our-part-to-protect-the-environment-1.jpg 6841w, https:\/\/amargroup.com\/wp-content\/uploads\/2023\/12\/16c-Doing-our-part-to-protect-the-environment-1-300x200.jpg 300w, https:\/\/amargroup.com\/wp-content\/uploads\/2023\/12\/16c-Doing-our-part-to-protect-the-environment-1-1024x683.jpg 1024w, https:\/\/amargroup.com\/wp-content\/uploads\/2023\/12\/16c-Doing-our-part-to-protect-the-environment-1-768x512.jpg 768w, https:\/\/amargroup.com\/wp-content\/uploads\/2023\/12\/16c-Doing-our-part-to-protect-the-environment-1-1536x1024.jpg 1536w, https:\/\/amargroup.com\/wp-content\/uploads\/2023\/12\/16c-Doing-our-part-to-protect-the-environment-1-2048x1365.jpg 2048w\" data-sizes=\"(max-width: 6841px) 100vw, 6841px\" src=\"data:image\/svg+xml;base64,PHN2ZyB3aWR0aD0iMSIgaGVpZ2h0PSIxIiB4bWxucz0iaHR0cDovL3d3dy53My5vcmcvMjAwMC9zdmciPjwvc3ZnPg==\" style=\"--smush-placeholder-width: 6841px; --smush-placeholder-aspect-ratio: 6841\/4561;\" \/><\/p>\n<h3>Nous contribuons \u00e0 la <span class=\"solid-blue\">protection de l&rsquo;environnement<\/span>.<\/h3>\n<p>Nous nous engageons \u00e0 r\u00e9duire notre impact sur l&rsquo;environnement dans la mesure du possible gr\u00e2ce \u00e0 ces initiatives cl\u00e9s :<\/p>\n<ul>\n<li><strong>Sp\u00e9cifications d&rsquo;\u00e9quipements innovants<\/strong>: Y compris les pneus remplis d&rsquo;azote, les kits a\u00e9rodynamiques sur les camions et les remorques, les \u00e9quipements chauffants pour r\u00e9duire la marche au ralenti, les rapports de transmission id\u00e9aux et les configurations de moteurs de nouvelle g\u00e9n\u00e9ration.<\/li>\n<li><strong>Optimisation des itin\u00e9raires en fonction de la consommation de carburant<\/strong>: Minimiser les distances, \u00e9viter les routes\/autoroutes en pente et maximiser l&rsquo;utilisation des autoroutes.<\/li>\n<li><strong>Gestion efficace de la flotte<\/strong>: Minimiser le nombre de camions sur la route en utilisant des ch\u00e2ssis plus grands tels que les trains B, les trains 8 et les v\u00e9hicules utilitaires l\u00e9gers, ce qui permet de r\u00e9duire de pr\u00e8s de 50 % les \u00e9missions de CO2.<\/li>\n<li><strong>Investissements dans les v\u00e9hicules \u00e9lectriques<\/strong>: Investir de mani\u00e8re proactive dans une flotte de v\u00e9hicules \u00e9lectriques et d\u00e9velopper l&rsquo;infrastructure n\u00e9cessaire \u00e0 leur fonctionnement.<\/li>\n<li><strong>Innovations suppl\u00e9mentaires<\/strong>: D\u00e9couvrez nos strat\u00e9gies d&rsquo;innovation \u00e0 multiples facettes, con\u00e7ues pour nous aider \u00e0 atteindre nos objectifs en mati\u00e8re de durabilit\u00e9 environnementale, de r\u00e9duction des co\u00fbts et d&rsquo;am\u00e9lioration op\u00e9rationnelle.<\/li>\n<\/ul>\n","protected":false},"excerpt":{"rendered":"<p>Notre engagement en mati\u00e8re de s\u00e9curit\u00e9 Depuis son ouverture en 1998, Amar s&rsquo;est attach\u00e9 \u00e0 respecter des normes de s\u00e9curit\u00e9 exceptionnelles. La s\u00e9curit\u00e9 est au c\u0153ur de nos op\u00e9rations et nous mettons continuellement en \u0153uvre de nouvelles pratiques d&rsquo;excellence afin de garantir que votre fret arrive comme vous l&rsquo;avez pr\u00e9vu. Nos protocoles rigoureux et l&rsquo;utilisation [&hellip;]<\/p>\n","protected":false},"author":1,"featured_media":0,"parent":23917,"menu_order":5,"comment_status":"closed","ping_status":"closed","template":"templates\/services.php","meta":{"inline_featured_image":false,"footnotes":"","_links_to":"","_links_to_target":""},"class_list":["post-23919","page","type-page","status-publish","hentry"],"acf":[],"_links":{"self":[{"href":"https:\/\/amargroup.com\/fr\/wp-json\/wp\/v2\/pages\/23919","targetHints":{"allow":["GET"]}}],"collection":[{"href":"https:\/\/amargroup.com\/fr\/wp-json\/wp\/v2\/pages"}],"about":[{"href":"https:\/\/amargroup.com\/fr\/wp-json\/wp\/v2\/types\/page"}],"author":[{"embeddable":true,"href":"https:\/\/amargroup.com\/fr\/wp-json\/wp\/v2\/users\/1"}],"replies":[{"embeddable":true,"href":"https:\/\/amargroup.com\/fr\/wp-json\/wp\/v2\/comments?post=23919"}],"version-history":[{"count":7,"href":"https:\/\/amargroup.com\/fr\/wp-json\/wp\/v2\/pages\/23919\/revisions"}],"predecessor-version":[{"id":26341,"href":"https:\/\/amargroup.com\/fr\/wp-json\/wp\/v2\/pages\/23919\/revisions\/26341"}],"up":[{"embeddable":true,"href":"https:\/\/amargroup.com\/fr\/wp-json\/wp\/v2\/pages\/23917"}],"wp:attachment":[{"href":"https:\/\/amargroup.com\/fr\/wp-json\/wp\/v2\/media?parent=23919"}],"curies":[{"name":"wp","href":"https:\/\/api.w.org\/{rel}","templated":true}]}}