{"id":23915,"date":"2023-10-06T12:30:08","date_gmt":"2023-10-06T12:30:08","guid":{"rendered":"https:\/\/amargroup.com\/conditions-generales-dutilisation\/"},"modified":"2024-01-17T03:10:49","modified_gmt":"2024-01-17T03:10:49","slug":"conditions-generales-dutilisation","status":"publish","type":"page","link":"https:\/\/amargroup.com\/fr\/conditions-generales-dutilisation\/","title":{"rendered":"Conditions g\u00e9n\u00e9rales d&rsquo;utilisation"},"content":{"rendered":"<ol>\n<li><strong>G\u00e9n\u00e9ralit\u00e9s : <\/strong>Ce site web est la propri\u00e9t\u00e9 exclusive du groupe Amar. Ce document constitue un accord entre vous et le groupe Amar qui d\u00e9finit les termes et conditions selon lesquels le groupe Amar vous permet de visiter le site web et de consulter les informations qu&rsquo;il contient. En visitant le site web du groupe Amar, vous acceptez les termes et conditions \u00e9nonc\u00e9s dans le pr\u00e9sent accord. Veuillez lire attentivement ce document et si, pour quelque raison que ce soit, vous n&rsquo;\u00eates pas d&rsquo;accord avec ces conditions, veuillez mettre fin \u00e0 votre visite sur le site. EN VISITANT LE SITE WEB DU GROUPE AMAR, VOUS ACCEPTEZ D&rsquo;\u00caTRE LI\u00c9 PAR LES DISPOSITIONS DE CET ACCORD SANS LIMITATIONS NI R\u00c9SERVES, ET PAR TOUTES LES LOIS APPLICABLES.<\/li>\n<li><strong>Respect du pr\u00e9sent accord et des lois applicables : <\/strong>L&rsquo;utilisation que vous faites de ce site doit \u00eatre conforme au pr\u00e9sent accord et \u00e0 toutes les lois applicables, notamment, mais sans limiter la g\u00e9n\u00e9ralit\u00e9 de ce qui pr\u00e9c\u00e8de, les lois relatives aux droits d&rsquo;auteur et aux marques d\u00e9pos\u00e9es.<\/li>\n<li><strong>Respect de l&rsquo;intention du groupe Amar et de l&rsquo;\u00e9tiquette du Web : <\/strong>Votre utilisation de ce site doit \u00eatre conforme \u00e0 l&rsquo;intention du groupe Amar, qui a mis ce site \u00e0 votre disposition, et \u00e0 l&rsquo;\u00e9tiquette Web accept\u00e9e.<\/li>\n<li><strong>Surveillance du site<\/strong> Le groupe Amar se r\u00e9serve le droit, \u00e0 sa seule discr\u00e9tion, de surveiller votre utilisation du site web ainsi que l&rsquo;utilisation et l&rsquo;acc\u00e8s de tous les autres utilisateurs. En acceptant d&rsquo;acc\u00e9der \u00e0 ce site web, vous donnez votre consentement expr\u00e8s \u00e0 ce que le groupe Amar proc\u00e8de \u00e0 un tel contr\u00f4le. Vous reconnaissez \u00e9galement que le groupe Amar n&rsquo;est pas oblig\u00e9 de le faire et ne fait aucune d\u00e9claration \u00e0 cet effet.<\/li>\n<li><strong>Limitation de l&rsquo;acc\u00e8s<\/strong> Le groupe Amar se r\u00e9serve le droit, pour toute raison que le groupe Amar juge appropri\u00e9e \u00e0 sa seule discr\u00e9tion, d&#8217;emp\u00eacher ou de limiter l&rsquo;acc\u00e8s \u00e0 ce site web.<\/li>\n<li><strong>Objectif du site et limites concernant les informations qu&rsquo;il contient<\/strong> L&rsquo;objectif premier de ce site est de fournir des informations sur le groupe Amar ainsi que sur les produits et services offerts par ses filiales, divisions et soci\u00e9t\u00e9s affili\u00e9es. Les informations contenues dans le pr\u00e9sent document sont fournies \u00e0 titre indicatif et ne doivent \u00eatre utilis\u00e9es que dans ce but. Le groupe Amar s&rsquo;engage \u00e0 assurer l&rsquo;exactitude et la mise \u00e0 jour des informations contenues dans le site. N\u00e9anmoins, il est possible que ces informations, notamment celles concernant les projets futurs du groupe Amar, soient incompl\u00e8tes, qu&rsquo;elles contiennent des erreurs, qu&rsquo;elles soient p\u00e9rim\u00e9es ou inexactes. Avant de prendre une d\u00e9cision sur la base de ces informations, vous devriez les valider aupr\u00e8s d&rsquo;une autre source ou contacter le groupe Amar.<\/li>\n<li><strong>Limitation de la responsabilit\u00e9 du groupe<\/strong> Amar Le groupe Amar n&rsquo;assume aucune responsabilit\u00e9 ni ne fournit aucune garantie, expresse ou implicite, l\u00e9gale ou contractuelle, concernant le contenu du site, la validit\u00e9 des informations qu&rsquo;il contient ou son fonctionnement. Amar Group n&rsquo;assume aucune responsabilit\u00e9 quant \u00e0 l&rsquo;utilisation du contenu du site ou pour tout dommage ou probl\u00e8me, quelle qu&rsquo;en soit la nature ou l&rsquo;origine, qui pourrait survenir dans l&rsquo;utilisation de ce site ou \u00e0 la suite de son utilisation ou en raison de probl\u00e8mes d\u00e9coulant de son fonctionnement.<\/li>\n<li>Votre <strong>responsabilit\u00e9<\/strong> Vous reconnaissez \u00eatre responsable envers Amar Group de tout dommage r\u00e9sultant d&rsquo;une utilisation du site Internet non conforme au pr\u00e9sent accord ou aux lois et r\u00e8glements applicables. En plus de tout autre recours pr\u00e9vu par lesdites lois, vous acceptez de d\u00e9gager le groupe Amar de toute responsabilit\u00e9 quant aux dommages, responsabilit\u00e9s, pertes ou r\u00e9clamations dont le groupe Amar pourrait faire l&rsquo;objet ou toute r\u00e9clamation qui pourrait survenir \u00e0 la suite d&rsquo;une mauvaise utilisation du site.<\/li>\n<li><strong>Protection des droits d&rsquo;auteur<\/strong> Les informations contenues sur ce site ou accessibles par son interm\u00e9diaire sont prot\u00e9g\u00e9es par des droits d&rsquo;auteur. Toute utilisation ou reproduction des informations contenues dans ce site \u00e0 des fins autres que strictement personnelles et\/ou non commerciales est strictement interdite, sauf accord \u00e9crit pr\u00e9alable du groupe Amar.<\/li>\n<li><strong>Marques<\/strong> Les marques pr\u00e9sentes sur ce site, notamment le nom Amar Group et celui de ses filiales, divisions et soci\u00e9t\u00e9s affili\u00e9es ainsi que les logos d&rsquo;Amar Group et de ses diff\u00e9rentes entit\u00e9s sont des marques d\u00e9pos\u00e9es appartenant \u00e0 Amar Group. Leur utilisation ou leur reproduction \u00e0 des fins autres que strictement personnelles et\/ou non professionnelles est strictement interdite, sauf accord \u00e9crit pr\u00e9alable du groupe Amar.<\/li>\n<li><strong>Hyperliens et r\u00e9f\u00e9rences<\/strong> Le site web du groupe Amar contient des liens qui vous permettent d&rsquo;acc\u00e9der \u00e0 d&rsquo;autres sites web exploit\u00e9s par des tiers et contenant des informations sur ces derniers. Ces liens ont \u00e9t\u00e9 fournis uniquement pour la commodit\u00e9 des utilisateurs de ce site web et le groupe Amar ne fait aucune d\u00e9claration concernant ces tiers, l&rsquo;\u00e9tat de ces sites ou les informations qu&rsquo;ils contiennent ou qui pourraient \u00eatre diffus\u00e9es par ces sites tiers. Le groupe Amar n&rsquo;assume aucune responsabilit\u00e9 pour les dommages r\u00e9sultant de l&rsquo;utilisation de ces liens ou des informations concernant ces tiers. Il est \u00e9galement interdit d&rsquo;ins\u00e9rer un lien de votre site web vers celui du groupe Amar sans avoir obtenu au pr\u00e9alable l&rsquo;accord \u00e9crit du groupe Amar.<\/li>\n<li><strong>Politique en mati\u00e8re de protection de la vie priv\u00e9e et des informations confidentielles<\/strong> Vous reconnaissez avoir consult\u00e9 la politique en mati\u00e8re de protection de la vie priv\u00e9e et des informations confidentielles, qui fait partie int\u00e9grante du pr\u00e9sent accord.<\/li>\n<li><strong>Informations non confidentielles<\/strong> Toute information que vous transf\u00e9rez sur le site web du groupe Amar, le cas \u00e9ch\u00e9ant, est consid\u00e9r\u00e9e comme non confidentielle et vous reconnaissez que le groupe Amar peut utiliser ces informations \u00e0 sa seule discr\u00e9tion et sans limitation.<\/li>\n<li><strong>Reconnaissance et consentement \u00e0 l&rsquo;\u00e9change de donn\u00e9es<\/strong> Votre utilisation de ce site Internet entra\u00eene un \u00e9change de donn\u00e9es entre votre ordinateur et le serveur du groupe Amar. En acc\u00e9dant \u00e0 ce site, vous acceptez cet \u00e9change ainsi que le fait que le groupe Amar puisse stocker et utiliser certaines de ces informations \u00e0 des fins internes. Le groupe Amar ne divulguera pas ces informations \u00e0 moins d&rsquo;y \u00eatre contraint par la loi ou par un jugement d\u00e9finitif rendu par un tribunal comp\u00e9tent.<\/li>\n<li><strong>Cookies<\/strong> Il est possible que lors d&rsquo;une visite sur ce site Internet, les serveurs du Groupe Amar installent automatiquement des cookies sur le disque dur de votre ordinateur. Ces cookies sont destin\u00e9s \u00e0 faciliter l&rsquo;identification des utilisateurs lors de visites ult\u00e9rieures. Vous pouvez modifier les param\u00e8tres de votre navigateur afin d&#8217;emp\u00eacher l&rsquo;utilisation de cookies. En acc\u00e9dant au site du Groupe Amar sans avoir pr\u00e9alablement modifi\u00e9 les param\u00e8tres de votre navigateur, vous acceptez l&rsquo;utilisation de cookies et d\u00e9gagez le Groupe Amar de toute responsabilit\u00e9 concernant ces pratiques.<\/li>\n<li><strong>Modifications sans pr\u00e9avis et r\u00e9serve de droits<\/strong> Le groupe Amar se r\u00e9serve le droit d&rsquo;apporter toute modification au contenu du pr\u00e9sent accord ainsi qu&rsquo;\u00e0 celui de son site Internet sans pr\u00e9avis. En cas de litige concernant le pr\u00e9sent accord, la version en vigueur au moment o\u00f9 les faits all\u00e9gu\u00e9s se produisent pr\u00e9vaut. Le groupe Amar se r\u00e9serve \u00e9galement les droits qui n&rsquo;ont pas \u00e9t\u00e9 express\u00e9ment mentionn\u00e9s dans le pr\u00e9sent accord.<\/li>\n<li><strong>Comp\u00e9tence des tribunaux de l&rsquo;Ontario<\/strong> Vous reconnaissez et acceptez que les tribunaux de la province de l&rsquo;Ontario ont comp\u00e9tence exclusive sur tout litige pouvant d\u00e9couler de votre utilisation du pr\u00e9sent site Web.<\/li>\n<li><strong>Lois de l&rsquo;Ontario<\/strong> L&rsquo;accord et tout litige d\u00e9coulant de l&rsquo;utilisation de ce site web seront interpr\u00e9t\u00e9s et r\u00e9gis par les lois de la province de l&rsquo;Ontario, sans r\u00e9f\u00e9rence \u00e0 des r\u00e8gles de conflit.<\/li>\n<li>Le groupe <strong>Territory<\/strong> Amar exploite ce site Web au Canada. Si vous acc\u00e9dez \u00e0 ce site Web depuis l&rsquo;\u00e9tranger, vous le faites \u00e0 vos propres risques.<\/li>\n<li><strong>Interpr\u00e9tation<\/strong> Toute r\u00e9f\u00e9rence au groupe Amar dans le pr\u00e9sent accord doit \u00eatre interpr\u00e9t\u00e9e comme une r\u00e9f\u00e9rence au groupe Amar ainsi qu&rsquo;\u00e0 ses filiales, divisions et soci\u00e9t\u00e9s affili\u00e9es. Toute r\u00e9f\u00e9rence \u00e0 \u00ab\u00a0ce site web\u00a0\u00bb ou \u00ab\u00a0le site web du groupe Amar\u00a0\u00bb constitue une r\u00e9f\u00e9rence au site web qui se trouve \u00e0 l&rsquo;adresse suivante <a href=\"http:\/\/www.amargroup.com\/\" target=\"_new\" rel=\"noopener\">www.amargroup.com<\/a>toutes les pages Web commen\u00e7ant par l&rsquo;adresse <a href=\"http:\/\/www.amargroup.com\/\" target=\"_new\" rel=\"noopener\">www.amargroup.com<\/a> ainsi que toutes les pages Web relatives aux filiales, divisions et soci\u00e9t\u00e9s affili\u00e9es du groupe Amar auxquelles il est possible d&rsquo;acc\u00e9der par l&rsquo;interm\u00e9diaire de ce site Web. Toute r\u00e9f\u00e9rence \u00e0 une information contenue sur ce site web se rapporte \u00e0 l&rsquo;ensemble du contenu du site, que l&rsquo;information soit directement ou indirectement accessible ou par t\u00e9l\u00e9chargement, sous quelque forme que ce soit et sans restriction.<\/li>\n<\/ol>\n","protected":false},"excerpt":{"rendered":"<p>G\u00e9n\u00e9ralit\u00e9s : Ce site web est la propri\u00e9t\u00e9 exclusive du groupe Amar. Ce document constitue un accord entre vous et le groupe Amar qui d\u00e9finit les termes et conditions selon lesquels le groupe Amar vous permet de visiter le site web et de consulter les informations qu&rsquo;il contient. En visitant le site web du groupe [&hellip;]<\/p>\n","protected":false},"author":1,"featured_media":0,"parent":0,"menu_order":45,"comment_status":"closed","ping_status":"closed","template":"templates\/terms-privacy.php","meta":{"inline_featured_image":false,"footnotes":"","_links_to":"","_links_to_target":""},"class_list":["post-23915","page","type-page","status-publish","hentry"],"acf":[],"_links":{"self":[{"href":"https:\/\/amargroup.com\/fr\/wp-json\/wp\/v2\/pages\/23915","targetHints":{"allow":["GET"]}}],"collection":[{"href":"https:\/\/amargroup.com\/fr\/wp-json\/wp\/v2\/pages"}],"about":[{"href":"https:\/\/amargroup.com\/fr\/wp-json\/wp\/v2\/types\/page"}],"author":[{"embeddable":true,"href":"https:\/\/amargroup.com\/fr\/wp-json\/wp\/v2\/users\/1"}],"replies":[{"embeddable":true,"href":"https:\/\/amargroup.com\/fr\/wp-json\/wp\/v2\/comments?post=23915"}],"version-history":[{"count":2,"href":"https:\/\/amargroup.com\/fr\/wp-json\/wp\/v2\/pages\/23915\/revisions"}],"predecessor-version":[{"id":26333,"href":"https:\/\/amargroup.com\/fr\/wp-json\/wp\/v2\/pages\/23915\/revisions\/26333"}],"wp:attachment":[{"href":"https:\/\/amargroup.com\/fr\/wp-json\/wp\/v2\/media?parent=23915"}],"curies":[{"name":"wp","href":"https:\/\/api.w.org\/{rel}","templated":true}]}}