{"id":23912,"date":"2023-09-20T06:15:22","date_gmt":"2023-09-20T06:15:22","guid":{"rendered":"https:\/\/amargroup.com\/transport-intermodal\/"},"modified":"2024-01-17T03:44:21","modified_gmt":"2024-01-17T03:44:21","slug":"transport-intermodal","status":"publish","type":"page","link":"https:\/\/amargroup.com\/fr\/services\/transport-intermodal\/","title":{"rendered":"Transport intermodal"},"content":{"rendered":"<h3><span class=\"solid-blue\">Une \u00e9volutivit\u00e9<\/span> pour r\u00e9pondre \u00e0 la demande croissante<\/h3>\n<p>Nous sommes une entreprise ax\u00e9e sur la croissance, qui d\u00e9veloppe continuellement sa flotte et son r\u00e9seau de terminaux pour r\u00e9pondre \u00e0 l&rsquo;\u00e9volution de la demande du secteur. Nos investissements dans de nouveaux mod\u00e8les d&rsquo;\u00e9quipement et dans le d\u00e9veloppement d&rsquo;installations nous permettent d&rsquo;adapter nos solutions de transport et de logistique pour r\u00e9pondre \u00e0 vos besoins uniques en mati\u00e8re d&rsquo;exp\u00e9dition de conteneurs, de mani\u00e8re rapide et rentable.<\/p>\n<p><img decoding=\"async\" class=\"alignnone wp-image-20813 size-full lazyload\" data-src=\"https:\/\/amargroup.com\/wp-content\/uploads\/2023\/12\/Picture1-7.png\" alt=\"Amar conteneurs secs et \u00e0 temp\u00e9rature contr\u00f4l\u00e9e transport\u00e9s sur un navire de fret\" width=\"3840\" height=\"1272\" data-srcset=\"https:\/\/amargroup.com\/wp-content\/uploads\/2023\/12\/Picture1-7.png 3840w, https:\/\/amargroup.com\/wp-content\/uploads\/2023\/12\/Picture1-7-300x99.png 300w, https:\/\/amargroup.com\/wp-content\/uploads\/2023\/12\/Picture1-7-1024x339.png 1024w, https:\/\/amargroup.com\/wp-content\/uploads\/2023\/12\/Picture1-7-768x254.png 768w, https:\/\/amargroup.com\/wp-content\/uploads\/2023\/12\/Picture1-7-1536x509.png 1536w, https:\/\/amargroup.com\/wp-content\/uploads\/2023\/12\/Picture1-7-2048x678.png 2048w\" data-sizes=\"(max-width: 3840px) 100vw, 3840px\" src=\"data:image\/svg+xml;base64,PHN2ZyB3aWR0aD0iMSIgaGVpZ2h0PSIxIiB4bWxucz0iaHR0cDovL3d3dy53My5vcmcvMjAwMC9zdmciPjwvc3ZnPg==\" style=\"--smush-placeholder-width: 3840px; --smush-placeholder-aspect-ratio: 3840\/1272;\" \/><\/p>\n<h3>Solutions intermodales de pointe<\/h3>\n<h3><img decoding=\"async\" class=\"wp-image-20815 aligntop alignright lazyload\" data-src=\"https:\/\/amargroup.com\/wp-content\/uploads\/2023\/12\/62-LEADING-INTERMODAL-SOLUTIONS-FEATURING-TECH-INNOVATIONS.png\" alt=\"Camion et conteneur du groupe Amar transport\u00e9s sur l'autoroute avec des symboles pour le suivi, l'efficacit\u00e9 \u00e9nerg\u00e9tique, les r\u00e9glages de temp\u00e9rature et la carte avec l'emplacement \u00e9pingl\u00e9 en surimpression.\" width=\"657\" height=\"398\" data-srcset=\"https:\/\/amargroup.com\/wp-content\/uploads\/2023\/12\/62-LEADING-INTERMODAL-SOLUTIONS-FEATURING-TECH-INNOVATIONS.png 2500w, https:\/\/amargroup.com\/wp-content\/uploads\/2023\/12\/62-LEADING-INTERMODAL-SOLUTIONS-FEATURING-TECH-INNOVATIONS-300x182.png 300w, https:\/\/amargroup.com\/wp-content\/uploads\/2023\/12\/62-LEADING-INTERMODAL-SOLUTIONS-FEATURING-TECH-INNOVATIONS-1024x621.png 1024w, https:\/\/amargroup.com\/wp-content\/uploads\/2023\/12\/62-LEADING-INTERMODAL-SOLUTIONS-FEATURING-TECH-INNOVATIONS-768x465.png 768w, https:\/\/amargroup.com\/wp-content\/uploads\/2023\/12\/62-LEADING-INTERMODAL-SOLUTIONS-FEATURING-TECH-INNOVATIONS-1536x931.png 1536w, https:\/\/amargroup.com\/wp-content\/uploads\/2023\/12\/62-LEADING-INTERMODAL-SOLUTIONS-FEATURING-TECH-INNOVATIONS-2048x1241.png 2048w\" data-sizes=\"(max-width: 657px) 100vw, 657px\" src=\"data:image\/svg+xml;base64,PHN2ZyB3aWR0aD0iMSIgaGVpZ2h0PSIxIiB4bWxucz0iaHR0cDovL3d3dy53My5vcmcvMjAwMC9zdmciPjwvc3ZnPg==\" style=\"--smush-placeholder-width: 657px; --smush-placeholder-aspect-ratio: 657\/398;\" \/><\/h3>\n<p>L&rsquo;utilisation de la t\u00e9l\u00e9matique permet \u00e0 notre \u00e9quipe d&rsquo;exp\u00e9dition de suivre de pr\u00e8s vos exp\u00e9ditions intermodales sur nos camions et de s&rsquo;assurer qu&rsquo;elles restent s\u00fbres et dans les conditions requises :<\/p>\n<ul>\n<li><strong>Suivi GPS : <\/strong>Tous les conteneurs Amar sont \u00e9quip\u00e9s d&rsquo;un syst\u00e8me de suivi GPS par mesure de s\u00e9curit\u00e9 et pour assurer une communication transparente sur l&rsquo;\u00e9tat de votre fret.<\/li>\n<li><strong>Avertissements de bas niveau de carburant : <\/strong>Pour \u00e9viter les probl\u00e8mes m\u00e9caniques sur la route, nos groupes motopropulseurs proposent des avertissements pour alerter les conducteurs et le dispatching en cas de manque de carburant.<\/li>\n<li><strong>Contr\u00f4le \u00e0 distance de la temp\u00e9rature : <\/strong>Pour tous les envois \u00e0 temp\u00e9rature contr\u00f4l\u00e9e, notre \u00e9quipe est en mesure de surveiller \u00e0 distance les conditions du conteneur en direct pour s&rsquo;assurer que les r\u00e9glages sont conformes aux exigences ou les ajuster si n\u00e9cessaire.<\/li>\n<li><strong>Contr\u00f4le de la temp\u00e9rature en personne :<\/strong> outre le contr\u00f4le \u00e9lectronique, nous effectuons des contr\u00f4les physiques avant et apr\u00e8s le voyage, lors de l&rsquo;entr\u00e9e du conteneur dans nos terminaux et toutes les 4 \u00e0 6 heures lorsqu&rsquo;il est stock\u00e9 dans nos terminaux.<\/li>\n<\/ul>\n<p>&nbsp;<\/p>\n","protected":false},"excerpt":{"rendered":"<p>Une \u00e9volutivit\u00e9 pour r\u00e9pondre \u00e0 la demande croissante Nous sommes une entreprise ax\u00e9e sur la croissance, qui d\u00e9veloppe continuellement sa flotte et son r\u00e9seau de terminaux pour r\u00e9pondre \u00e0 l&rsquo;\u00e9volution de la demande du secteur. Nos investissements dans de nouveaux mod\u00e8les d&rsquo;\u00e9quipement et dans le d\u00e9veloppement d&rsquo;installations nous permettent d&rsquo;adapter nos solutions de transport et [&hellip;]<\/p>\n","protected":false},"author":1,"featured_media":0,"parent":23917,"menu_order":30,"comment_status":"closed","ping_status":"closed","template":"templates\/services.php","meta":{"inline_featured_image":false,"footnotes":"","_links_to":"","_links_to_target":""},"class_list":["post-23912","page","type-page","status-publish","hentry"],"acf":[],"_links":{"self":[{"href":"https:\/\/amargroup.com\/fr\/wp-json\/wp\/v2\/pages\/23912","targetHints":{"allow":["GET"]}}],"collection":[{"href":"https:\/\/amargroup.com\/fr\/wp-json\/wp\/v2\/pages"}],"about":[{"href":"https:\/\/amargroup.com\/fr\/wp-json\/wp\/v2\/types\/page"}],"author":[{"embeddable":true,"href":"https:\/\/amargroup.com\/fr\/wp-json\/wp\/v2\/users\/1"}],"replies":[{"embeddable":true,"href":"https:\/\/amargroup.com\/fr\/wp-json\/wp\/v2\/comments?post=23912"}],"version-history":[{"count":3,"href":"https:\/\/amargroup.com\/fr\/wp-json\/wp\/v2\/pages\/23912\/revisions"}],"predecessor-version":[{"id":26343,"href":"https:\/\/amargroup.com\/fr\/wp-json\/wp\/v2\/pages\/23912\/revisions\/26343"}],"up":[{"embeddable":true,"href":"https:\/\/amargroup.com\/fr\/wp-json\/wp\/v2\/pages\/23917"}],"wp:attachment":[{"href":"https:\/\/amargroup.com\/fr\/wp-json\/wp\/v2\/media?parent=23912"}],"curies":[{"name":"wp","href":"https:\/\/api.w.org\/{rel}","templated":true}]}}