{"id":23910,"date":"2023-09-18T18:17:07","date_gmt":"2023-09-18T18:17:07","guid":{"rendered":"https:\/\/amargroup.com\/sante-et-securite\/"},"modified":"2024-01-17T02:57:52","modified_gmt":"2024-01-17T02:57:52","slug":"sante-et-securite","status":"publish","type":"page","link":"https:\/\/amargroup.com\/fr\/sante-et-securite\/","title":{"rendered":"Sant\u00e9 et s\u00e9curit\u00e9"},"content":{"rendered":"<h3>Pratiques d&rsquo;entretien intensif des conteneurs et des \u00e9quipements de flotte<\/h3>\n<p><img decoding=\"async\" class=\"alignnone wp-image-2940 size-full lazyload\" data-src=\"https:\/\/amargroup.com\/wp-content\/uploads\/2023\/11\/117-INTENSIVE-CONTAINER-_-FLEET-EQUIPMENT-MAINTENANCE-PRACTICES.jpg\" alt=\"Le personnel du parc \u00e0 conteneurs d'Amar inspecte une unit\u00e9 de conteneurs r\u00e9frig\u00e9r\u00e9s\" width=\"1200\" height=\"596\" data-srcset=\"https:\/\/amargroup.com\/wp-content\/uploads\/2023\/11\/117-INTENSIVE-CONTAINER-_-FLEET-EQUIPMENT-MAINTENANCE-PRACTICES.jpg 1200w, https:\/\/amargroup.com\/wp-content\/uploads\/2023\/11\/117-INTENSIVE-CONTAINER-_-FLEET-EQUIPMENT-MAINTENANCE-PRACTICES-300x149.jpg 300w, https:\/\/amargroup.com\/wp-content\/uploads\/2023\/11\/117-INTENSIVE-CONTAINER-_-FLEET-EQUIPMENT-MAINTENANCE-PRACTICES-1024x509.jpg 1024w, https:\/\/amargroup.com\/wp-content\/uploads\/2023\/11\/117-INTENSIVE-CONTAINER-_-FLEET-EQUIPMENT-MAINTENANCE-PRACTICES-768x381.jpg 768w\" data-sizes=\"(max-width: 1200px) 100vw, 1200px\" src=\"data:image\/svg+xml;base64,PHN2ZyB3aWR0aD0iMSIgaGVpZ2h0PSIxIiB4bWxucz0iaHR0cDovL3d3dy53My5vcmcvMjAwMC9zdmciPjwvc3ZnPg==\" style=\"--smush-placeholder-width: 1200px; --smush-placeholder-aspect-ratio: 1200\/596;\" \/><\/p>\n<p>Le personnel de nos terminaux s&rsquo;efforce de veiller \u00e0 ce que votre fret reste en parfait \u00e9tat lorsqu&rsquo;il est confi\u00e9 \u00e0 nos soins, sur la route et dans nos installations. Il s&rsquo;agit de veiller \u00e0 ce que nos \u00e9quipements de transport restent dans un \u00e9tat optimal gr\u00e2ce \u00e0 un entretien r\u00e9gulier et programm\u00e9, afin de minimiser les probl\u00e8mes m\u00e9caniques sur la route et les temps d&rsquo;arr\u00eat qui en d\u00e9coulent. Ils effectuent \u00e9galement des inspections rigoureuses avant et apr\u00e8s le voyage de vos exp\u00e9ditions de conteneurs afin de s&rsquo;assurer que votre fret conteneuris\u00e9 n&rsquo;a subi aucun dommage et que tout a \u00e9t\u00e9 pris en compte.<\/p>\n<h3>Notre engagement en faveur de la sant\u00e9 mentale<\/h3>\n<p><img decoding=\"async\" class=\"alignnone wp-image-2941 size-full lazyload\" data-src=\"https:\/\/amargroup.com\/wp-content\/uploads\/2023\/11\/118-Our-commitment-to-mental-health.jpg\" alt=\"Chauffeur Amar souriant devant des camions Amar gar\u00e9s \u00e0 l'arri\u00e8re-plan\" width=\"1200\" height=\"596\" data-srcset=\"https:\/\/amargroup.com\/wp-content\/uploads\/2023\/11\/118-Our-commitment-to-mental-health.jpg 1200w, https:\/\/amargroup.com\/wp-content\/uploads\/2023\/11\/118-Our-commitment-to-mental-health-300x149.jpg 300w, https:\/\/amargroup.com\/wp-content\/uploads\/2023\/11\/118-Our-commitment-to-mental-health-1024x509.jpg 1024w, https:\/\/amargroup.com\/wp-content\/uploads\/2023\/11\/118-Our-commitment-to-mental-health-768x381.jpg 768w\" data-sizes=\"(max-width: 1200px) 100vw, 1200px\" src=\"data:image\/svg+xml;base64,PHN2ZyB3aWR0aD0iMSIgaGVpZ2h0PSIxIiB4bWxucz0iaHR0cDovL3d3dy53My5vcmcvMjAwMC9zdmciPjwvc3ZnPg==\" style=\"--smush-placeholder-width: 1200px; --smush-placeholder-aspect-ratio: 1200\/596;\" \/><\/p>\n<p>La sant\u00e9 mentale est \u00e9galement une priorit\u00e9 \u00e0 Amar. Nous nous engageons \u00e0 cr\u00e9er un environnement favorable au bien-\u00eatre de nos conducteurs, op\u00e9rateurs et employ\u00e9s. Afin d&rsquo;instaurer une culture d&rsquo;entreprise saine et ouverte, nous avons mis en \u0153uvre plusieurs pratiques en mati\u00e8re de sant\u00e9 mentale, notamment en formant l&rsquo;ensemble de la direction et des cadres \u00e0 la mani\u00e8re de faire en sorte que tous les employ\u00e9s se sentent \u00e9cout\u00e9s, respect\u00e9s et heureux dans tout ce qu&rsquo;ils font pour Amar.<\/p>\n<p>&nbsp;<\/p>\n","protected":false},"excerpt":{"rendered":"<p>Pratiques d&rsquo;entretien intensif des conteneurs et des \u00e9quipements de flotte Le personnel de nos terminaux s&rsquo;efforce de veiller \u00e0 ce que votre fret reste en parfait \u00e9tat lorsqu&rsquo;il est confi\u00e9 \u00e0 nos soins, sur la route et dans nos installations. Il s&rsquo;agit de veiller \u00e0 ce que nos \u00e9quipements de transport restent dans un \u00e9tat [&hellip;]<\/p>\n","protected":false},"author":1,"featured_media":0,"parent":0,"menu_order":23,"comment_status":"closed","ping_status":"closed","template":"templates\/services.php","meta":{"inline_featured_image":false,"footnotes":"","_links_to":"","_links_to_target":""},"class_list":["post-23910","page","type-page","status-publish","hentry"],"acf":[],"_links":{"self":[{"href":"https:\/\/amargroup.com\/fr\/wp-json\/wp\/v2\/pages\/23910","targetHints":{"allow":["GET"]}}],"collection":[{"href":"https:\/\/amargroup.com\/fr\/wp-json\/wp\/v2\/pages"}],"about":[{"href":"https:\/\/amargroup.com\/fr\/wp-json\/wp\/v2\/types\/page"}],"author":[{"embeddable":true,"href":"https:\/\/amargroup.com\/fr\/wp-json\/wp\/v2\/users\/1"}],"replies":[{"embeddable":true,"href":"https:\/\/amargroup.com\/fr\/wp-json\/wp\/v2\/comments?post=23910"}],"version-history":[{"count":2,"href":"https:\/\/amargroup.com\/fr\/wp-json\/wp\/v2\/pages\/23910\/revisions"}],"predecessor-version":[{"id":26323,"href":"https:\/\/amargroup.com\/fr\/wp-json\/wp\/v2\/pages\/23910\/revisions\/26323"}],"wp:attachment":[{"href":"https:\/\/amargroup.com\/fr\/wp-json\/wp\/v2\/media?parent=23910"}],"curies":[{"name":"wp","href":"https:\/\/api.w.org\/{rel}","templated":true}]}}