{"id":23908,"date":"2023-09-18T12:29:24","date_gmt":"2023-09-18T12:29:24","guid":{"rendered":"https:\/\/amargroup.com\/stockage-de-conteneurs\/"},"modified":"2024-01-17T03:43:09","modified_gmt":"2024-01-17T03:43:09","slug":"stockage-de-conteneurs","status":"publish","type":"page","link":"https:\/\/amargroup.com\/fr\/services\/stockage-de-conteneurs\/","title":{"rendered":"Stockage de conteneurs"},"content":{"rendered":"<h3><span class=\"solid-blue\">Capacit\u00e9s de stockage et capacit\u00e9s in\u00e9gal\u00e9es<\/span><\/h3>\n<p><img decoding=\"async\" class=\"wp-image-20917 size-full alignnone lazyload\" data-src=\"https:\/\/amargroup.com\/wp-content\/uploads\/2023\/12\/Copy-of-Copy-of-Picture1-750-x-830-px-686-x-323-px.png\" alt=\"Alignement de transstockeurs \u00e0 m\u00e2t r\u00e9tractable stationn\u00e9s dans le parc \u00e0 conteneurs d'Amar\" width=\"1920\" height=\"796\" data-srcset=\"https:\/\/amargroup.com\/wp-content\/uploads\/2023\/12\/Copy-of-Copy-of-Picture1-750-x-830-px-686-x-323-px.png 1920w, https:\/\/amargroup.com\/wp-content\/uploads\/2023\/12\/Copy-of-Copy-of-Picture1-750-x-830-px-686-x-323-px-300x124.png 300w, https:\/\/amargroup.com\/wp-content\/uploads\/2023\/12\/Copy-of-Copy-of-Picture1-750-x-830-px-686-x-323-px-1024x425.png 1024w, https:\/\/amargroup.com\/wp-content\/uploads\/2023\/12\/Copy-of-Copy-of-Picture1-750-x-830-px-686-x-323-px-768x318.png 768w, https:\/\/amargroup.com\/wp-content\/uploads\/2023\/12\/Copy-of-Copy-of-Picture1-750-x-830-px-686-x-323-px-1536x637.png 1536w\" data-sizes=\"(max-width: 1920px) 100vw, 1920px\" src=\"data:image\/svg+xml;base64,PHN2ZyB3aWR0aD0iMSIgaGVpZ2h0PSIxIiB4bWxucz0iaHR0cDovL3d3dy53My5vcmcvMjAwMC9zdmciPjwvc3ZnPg==\" style=\"--smush-placeholder-width: 1920px; --smush-placeholder-aspect-ratio: 1920\/796;\" \/><\/p>\n<p>Avec plus de 25 ans d&rsquo;exp\u00e9rience, Amar est bien \u00e9quip\u00e9 pour traiter toutes les marchandises conteneuris\u00e9es. Nous disposons d&rsquo;une flotte de plus de 20 gerbeurs \u00e0 m\u00e2t r\u00e9tractable et de chariots \u00e9l\u00e9vateurs vides sur l&rsquo;ensemble de nos sites de service. En plus de notre \u00e9quipement, nous poss\u00e9dons plus de 300 acres de terrain \u00e0 travers l&rsquo;Am\u00e9rique du Nord, autoris\u00e9s pour le stockage ext\u00e9rieur de conteneurs d&rsquo;exp\u00e9dition.<\/p>\n<p>Afin de maximiser le temps de fonctionnement de notre flotte et les \u00e9conomies de carburant tout en minimisant la fatigue des op\u00e9rateurs, nous veillons \u00e0 ce que nos grues soient \u00e2g\u00e9es de 5 ans ou plus. Cette mesure vise \u00e0 garantir que nous maintenons les d\u00e9lais d&rsquo;ex\u00e9cution les plus courts en Am\u00e9rique du Nord.<\/p>\n<p>&nbsp;<\/p>\n<h3>D\u00e9couvrez nos terminaux \u00e0 conteneurs<\/h3>\n<p><a href=\"https:\/\/amargroup.com\/wp-content\/uploads\/\/Copy-of-Copy-of-Copy-of-Copy-of-Copy-of-Reefer-Design-15.875-x-21.166-cm-1200-x-640-px-1200-x-676-px-684-x-300-px-1.svg\"><img decoding=\"async\" class=\"wp-image-23009 size-full aligncenter\" src=\"https:\/\/amargroup.com\/wp-content\/uploads\/\/Copy-of-Copy-of-Copy-of-Copy-of-Copy-of-Reefer-Design-15.875-x-21.166-cm-1200-x-640-px-1200-x-676-px-684-x-300-px-1.svg\" alt=\"Carte bleue de l'Am\u00e9rique du Nord avec des \u00e9pingles pour les points de service de Calgary, AB, Vancouver, BC, Toronto, ON, Montr\u00e9al, QC, Detroit, MI et New Brunswick, NJ.\" width=\"1920\" height=\"796\" \/><\/a><\/p>\n<p>Pour r\u00e9pondre au mieux \u00e0 vos besoins en mati\u00e8re d&rsquo;exp\u00e9dition de conteneurs, nous avons strat\u00e9giquement investi dans des propri\u00e9t\u00e9s situ\u00e9es \u00e0 moins de 3 km de ports maritimes, de cours de triage et de centres de distribution sur certains des march\u00e9s les plus actifs du Canada et des \u00c9tats-Unis.<\/p>\n<p>&nbsp;<\/p>\n<h3>Des experts pour pr\u00e9server vos marchandises sensibles \u00e0 la temp\u00e9rature<\/h3>\n<p>Amar se consacre depuis des d\u00e9cennies \u00e0 la manutention de conteneurs \u00e0 temp\u00e9rature contr\u00f4l\u00e9e pour ses clients. Nous sommes extr\u00eamement fiers de n&rsquo;avoir enregistr\u00e9 aucune r\u00e9clamation au cours de nos 25 ann\u00e9es de service.<\/p>\n<p>Au total, nos terminaux \u00e0 conteneurs sont \u00e9quip\u00e9s de plus de 1 000 prises hydro-r\u00e9frig\u00e9rantes qui permettent de maintenir vos marchandises \u00e0 la temp\u00e9rature requise pendant leur stockage \u00e0 court ou \u00e0 long terme. M\u00eame en cas de panne de courant, nous sommes \u00e9quip\u00e9s de mani\u00e8re proactive de g\u00e9n\u00e9rateurs sur site afin de pr\u00e9server la qualit\u00e9 de votre fret.<\/p>\n<p>&nbsp;<\/p>\n<h3>Sauvegarde des conteneurs stock\u00e9s gr\u00e2ce \u00e0 des mesures de s\u00e9curit\u00e9 rigoureuses<\/h3>\n<p>En plus de son bilan z\u00e9ro r\u00e9clamation, Amar a \u00e9galement un bilan z\u00e9ro vol depuis son ouverture en 1998. Nous nous engageons \u00e0 prot\u00e9ger les produits que vous nous avez confi\u00e9s en appliquant des protocoles de s\u00e9curit\u00e9 intensifs dans toutes les installations de stockage.<\/p>\n<h3><img decoding=\"async\" class=\"aligncenter wp-image-20774 size-full lazyload\" data-src=\"https:\/\/amargroup.com\/wp-content\/uploads\/2023\/12\/54-SAFEGUARDING-STORED-CONTAINERS-WITH-STRINGENT-SECURITY-MEASURES-e1701726681979.png\" alt=\"Banni\u00e8re avec 6 photos de cam\u00e9ras de s\u00e9curit\u00e9 montrant les caract\u00e9ristiques de s\u00e9curit\u00e9 des parcs \u00e0 conteneurs et des terminaux du groupe Amar.\" width=\"2500\" height=\"1058\" data-srcset=\"https:\/\/amargroup.com\/wp-content\/uploads\/2023\/12\/54-SAFEGUARDING-STORED-CONTAINERS-WITH-STRINGENT-SECURITY-MEASURES-e1701726681979.png 2500w, https:\/\/amargroup.com\/wp-content\/uploads\/2023\/12\/54-SAFEGUARDING-STORED-CONTAINERS-WITH-STRINGENT-SECURITY-MEASURES-e1701726681979-300x127.png 300w, https:\/\/amargroup.com\/wp-content\/uploads\/2023\/12\/54-SAFEGUARDING-STORED-CONTAINERS-WITH-STRINGENT-SECURITY-MEASURES-e1701726681979-1024x433.png 1024w, https:\/\/amargroup.com\/wp-content\/uploads\/2023\/12\/54-SAFEGUARDING-STORED-CONTAINERS-WITH-STRINGENT-SECURITY-MEASURES-e1701726681979-768x325.png 768w, https:\/\/amargroup.com\/wp-content\/uploads\/2023\/12\/54-SAFEGUARDING-STORED-CONTAINERS-WITH-STRINGENT-SECURITY-MEASURES-e1701726681979-1536x650.png 1536w, https:\/\/amargroup.com\/wp-content\/uploads\/2023\/12\/54-SAFEGUARDING-STORED-CONTAINERS-WITH-STRINGENT-SECURITY-MEASURES-e1701726681979-2048x867.png 2048w\" data-sizes=\"(max-width: 2500px) 100vw, 2500px\" src=\"data:image\/svg+xml;base64,PHN2ZyB3aWR0aD0iMSIgaGVpZ2h0PSIxIiB4bWxucz0iaHR0cDovL3d3dy53My5vcmcvMjAwMC9zdmciPjwvc3ZnPg==\" style=\"--smush-placeholder-width: 2500px; --smush-placeholder-aspect-ratio: 2500\/1058;\" \/><\/h3>\n<p><strong>Porte d&rsquo;entr\u00e9e\/sortie s\u00e9curis\u00e9e : <\/strong>Les v\u00e9hicules entrant et sortant du terminal sont scann\u00e9s sous plusieurs angles afin de d\u00e9tecter tout dommage caus\u00e9 aux conteneurs entrants et sortants. Toutes les plaques d&rsquo;immatriculation des v\u00e9hicules sont enregistr\u00e9es et document\u00e9es. Les personnes qui entrent et sortent de nos installations doivent pr\u00e9senter une pi\u00e8ce d&rsquo;identit\u00e9 d\u00e9livr\u00e9e par le gouvernement, qui est enregistr\u00e9e, document\u00e9e et valid\u00e9e \u00e0 l&rsquo;aide de cam\u00e9ras de reconnaissance faciale.<\/p>\n<p><strong>Caract\u00e9ristiques de l&rsquo;installation du terminal<\/strong>: P\u00e9rim\u00e8tres enti\u00e8rement cl\u00f4tur\u00e9s avec du fil barbel\u00e9, barri\u00e8res de s\u00e9curit\u00e9, surveillance vid\u00e9o 24\/7 couvrant tous les angles de la propri\u00e9t\u00e9 int\u00e9rieure et ext\u00e9rieure, \u00e9clairage LED pour dissuader les menaces \u00e0 la s\u00e9curit\u00e9, personnel de s\u00e9curit\u00e9 effectuant des patrouilles 24\/7.<\/p>\n<p><strong>Terminaux approuv\u00e9s par l&rsquo;ASFC : <\/strong>Respecter toutes les r\u00e8gles de s\u00e9curit\u00e9 de l&rsquo;ASFC afin de prot\u00e9ger et d&#8217;emp\u00eacher l&rsquo;alt\u00e9ration de tout le fret stock\u00e9.<\/p>\n<p>&nbsp;<\/p>\n<h3>Fournir des d\u00e9lais d&rsquo;ex\u00e9cution de premier ordre<img decoding=\"async\" class=\"alignright wp-image-22476 lazyload\" data-src=\"https:\/\/amargroup.com\/wp-content\/uploads\/2023\/12\/Copy-of-Copy-of-Copy-of-Copy-of-Copy-of-Reefer-Design-15.875-x-21.166-cm-1200-x-640-px-1200-x-676-px-1-e1702309188595-268x300.png\" alt=\"T\u00e9l\u00e9phone portable avec \u00e9cran montrant l'application mobile personnalis\u00e9e du groupe Amar pour le suivi des conteneurs dans leurs parcs de stockage\" width=\"299\" height=\"335\" data-srcset=\"https:\/\/amargroup.com\/wp-content\/uploads\/2023\/12\/Copy-of-Copy-of-Copy-of-Copy-of-Copy-of-Reefer-Design-15.875-x-21.166-cm-1200-x-640-px-1200-x-676-px-1-e1702309188595-268x300.png 268w, https:\/\/amargroup.com\/wp-content\/uploads\/2023\/12\/Copy-of-Copy-of-Copy-of-Copy-of-Copy-of-Reefer-Design-15.875-x-21.166-cm-1200-x-640-px-1200-x-676-px-1-e1702309188595.png 602w\" data-sizes=\"(max-width: 299px) 100vw, 299px\" src=\"data:image\/svg+xml;base64,PHN2ZyB3aWR0aD0iMSIgaGVpZ2h0PSIxIiB4bWxucz0iaHR0cDovL3d3dy53My5vcmcvMjAwMC9zdmciPjwvc3ZnPg==\" style=\"--smush-placeholder-width: 299px; --smush-placeholder-aspect-ratio: 299\/335;\" \/><\/h3>\n<p>Amar adopte des technologies de pointe pour contr\u00f4ler nos indicateurs cl\u00e9s de performance et am\u00e9liorer nos niveaux de service. En personnalisant notre propre application mobile Amar, nous sommes en mesure d&rsquo;offrir des d\u00e9lais d&rsquo;ex\u00e9cution comp\u00e9titifs \u00e0 nos terminaux de conteneurs en 15 minutes ou moins.<\/p>\n<p>L&rsquo;application offre un suivi en direct avec une pr\u00e9cision allant jusqu&rsquo;au terminal, \u00e0 la zone, \u00e0 la rang\u00e9e et au lot, ce qui permet \u00e0 notre \u00e9quipe de localiser, de collecter et de charger efficacement votre conteneur dans votre camion. L&rsquo;utilisation de cette application nous permet \u00e9galement de r\u00e9duire le nombre de visiteurs dans nos locaux en m\u00eame temps, ce qui minimise le risque d&rsquo;incidents ou d&rsquo;accidents potentiels.<\/p>\n<p>Tous les sites de service d&rsquo;Amar disposent \u00e9galement d&rsquo;int\u00e9grations EDI, ce qui nous permet d&rsquo;envoyer des donn\u00e9es directement \u00e0 vos syst\u00e8mes de gestion ou \u00e0 votre courrier \u00e9lectronique, afin que vous soyez toujours au courant de l&rsquo;\u00e9tat de votre fret par conteneur.<\/p>\n<p>&nbsp;<\/p>\n<h3>Renforcer la s\u00e9curit\u00e9 sur nos sites<\/h3>\n<p><img decoding=\"async\" class=\"wp-image-3020 size-full alignnone lazyload\" data-src=\"https:\/\/amargroup.com\/wp-content\/uploads\/2023\/11\/56-UPHOLDING-SAFETY-AT-ALL-AMAR-SERVICE-LOCATIONS-1.jpg\" alt=\"Portail de s\u00e9curit\u00e9 pour l'entr\u00e9e dans le parc \u00e0 conteneurs du groupe Amar\" width=\"1200\" height=\"640\" data-srcset=\"https:\/\/amargroup.com\/wp-content\/uploads\/2023\/11\/56-UPHOLDING-SAFETY-AT-ALL-AMAR-SERVICE-LOCATIONS-1.jpg 1200w, https:\/\/amargroup.com\/wp-content\/uploads\/2023\/11\/56-UPHOLDING-SAFETY-AT-ALL-AMAR-SERVICE-LOCATIONS-1-300x160.jpg 300w, https:\/\/amargroup.com\/wp-content\/uploads\/2023\/11\/56-UPHOLDING-SAFETY-AT-ALL-AMAR-SERVICE-LOCATIONS-1-1024x546.jpg 1024w, https:\/\/amargroup.com\/wp-content\/uploads\/2023\/11\/56-UPHOLDING-SAFETY-AT-ALL-AMAR-SERVICE-LOCATIONS-1-768x410.jpg 768w\" data-sizes=\"(max-width: 1200px) 100vw, 1200px\" src=\"data:image\/svg+xml;base64,PHN2ZyB3aWR0aD0iMSIgaGVpZ2h0PSIxIiB4bWxucz0iaHR0cDovL3d3dy53My5vcmcvMjAwMC9zdmciPjwvc3ZnPg==\" style=\"--smush-placeholder-width: 1200px; --smush-placeholder-aspect-ratio: 1200\/640;\" \/><\/p>\n<p>Comme pour toutes nos op\u00e9rations, nous avons mis en place des mesures compl\u00e8tes pour assurer la s\u00e9curit\u00e9 de nos visiteurs et de nos employ\u00e9s dans tous les sites de service d&rsquo;Amar :<\/p>\n<ul>\n<li><strong>Port de l&rsquo;EPI<\/strong>: tous les employ\u00e9s et visiteurs du site doivent porter des protections telles que des gilets de s\u00e9curit\u00e9, des casques de protection et des chaussures \u00e0 embout d&rsquo;acier.<\/li>\n<li><strong>Mobilit\u00e9 s\u00fbre des camions :<\/strong> Nous veillons \u00e0 ce que les camions circulant dans nos terminaux soient tenus \u00e0 l&rsquo;\u00e9cart des dangers (par exemple, ne pas passer sous ou derri\u00e8re les grues, ne pas respecter les limitations de vitesse, utiliser les clignotants).<\/li>\n<li><strong>Pratiques de manutention des conteneurs<\/strong>: Tous les employ\u00e9s doivent suivre les protocoles appropri\u00e9s concernant le branchement et le d\u00e9branchement des \u00e9quipements \u00e0 temp\u00e9rature contr\u00f4l\u00e9e, ainsi que le verrouillage et le d\u00e9verrouillage des ch\u00e2ssis.<\/li>\n<li><strong>Condamner les comportements dangereux\/inacceptables<\/strong>: Nous prenons des mesures pour tout comportement contraire \u00e0 nos directives strictes en mati\u00e8re de s\u00e9curit\u00e9, ce qui peut entra\u00eener un avertissement \u00e9crit, une interdiction temporaire ou une interdiction permanente.<\/li>\n<\/ul>\n<h3>Soutenir les chemins de fer CN et CP en tant que fournisseur de terminaux de d\u00e9lestage<\/h3>\n<p>Les chemins de fer CN et CP, r\u00e9put\u00e9s pour leur fiabilit\u00e9, nous font confiance pour les soulager en tant que terminaux satellites de conteneurs dans tout le Canada. Ils continuent de faire confiance \u00e0 Amar pour la conservation de leurs conteneurs dans nos locaux, qui sont suffisamment spacieux pour accueillir des dizaines de milliers de conteneurs \u00e0 la fois.<\/p>\n","protected":false},"excerpt":{"rendered":"<p>Capacit\u00e9s de stockage et capacit\u00e9s in\u00e9gal\u00e9es Avec plus de 25 ans d&rsquo;exp\u00e9rience, Amar est bien \u00e9quip\u00e9 pour traiter toutes les marchandises conteneuris\u00e9es. Nous disposons d&rsquo;une flotte de plus de 20 gerbeurs \u00e0 m\u00e2t r\u00e9tractable et de chariots \u00e9l\u00e9vateurs vides sur l&rsquo;ensemble de nos sites de service. En plus de notre \u00e9quipement, nous poss\u00e9dons plus de [&hellip;]<\/p>\n","protected":false},"author":1,"featured_media":0,"parent":23917,"menu_order":3,"comment_status":"closed","ping_status":"closed","template":"templates\/services.php","meta":{"inline_featured_image":false,"footnotes":"","_links_to":"","_links_to_target":""},"class_list":["post-23908","page","type-page","status-publish","hentry"],"acf":[],"_links":{"self":[{"href":"https:\/\/amargroup.com\/fr\/wp-json\/wp\/v2\/pages\/23908","targetHints":{"allow":["GET"]}}],"collection":[{"href":"https:\/\/amargroup.com\/fr\/wp-json\/wp\/v2\/pages"}],"about":[{"href":"https:\/\/amargroup.com\/fr\/wp-json\/wp\/v2\/types\/page"}],"author":[{"embeddable":true,"href":"https:\/\/amargroup.com\/fr\/wp-json\/wp\/v2\/users\/1"}],"replies":[{"embeddable":true,"href":"https:\/\/amargroup.com\/fr\/wp-json\/wp\/v2\/comments?post=23908"}],"version-history":[{"count":5,"href":"https:\/\/amargroup.com\/fr\/wp-json\/wp\/v2\/pages\/23908\/revisions"}],"predecessor-version":[{"id":26342,"href":"https:\/\/amargroup.com\/fr\/wp-json\/wp\/v2\/pages\/23908\/revisions\/26342"}],"up":[{"embeddable":true,"href":"https:\/\/amargroup.com\/fr\/wp-json\/wp\/v2\/pages\/23917"}],"wp:attachment":[{"href":"https:\/\/amargroup.com\/fr\/wp-json\/wp\/v2\/media?parent=23908"}],"curies":[{"name":"wp","href":"https:\/\/api.w.org\/{rel}","templated":true}]}}